{"id":1554,"date":"2022-09-08T08:29:02","date_gmt":"2022-09-08T08:29:02","guid":{"rendered":"https:\/\/naroci.termontmetal.si\/?page_id=1554"},"modified":"2022-09-09T07:28:32","modified_gmt":"2022-09-09T07:28:32","slug":"obrazec-za-vracilo","status":"publish","type":"page","link":"https:\/\/naroci.termontmetal.si\/en\/obrazec-za-vracilo\/","title":{"rendered":"Refund form"},"content":{"rendered":"<p><strong><u>Return procedure:<\/u><\/strong><\/p>\n\n\n\n<p>Before returning the goods, please inform us at info@termontmetal.si, where you can also send the completed list of products to be returned. Please note that all unsold items must be as you received them - without any additional stickers, traces of sticker adhesive and in their original undamaged packaging.<\/p>\n\n\n\n<p>In the case of a return due to a complaint, please specify the reason for the return.<\/p>\n\n\n\n<p>Send the package to:<\/p>\n\n\n\n<p>TERMONT METAL, Proizvodnja in storitve d.o.o., Savinjska cesta 87A, 3310 \u017dalec, Slovenia (must be marked \"for complaint\"), without postage\/redemption (the cost of postage is at the sender's expense).<\/p>\n\n\n\n<p>Once we receive the package, we will refund your money.<\/p>\n\n\n\n<p><strong><u>SENDER:<\/u><\/strong><\/p>\n\n\n\n<figure class=\"wp-block-table\"><table><tbody><tr><td><strong>Title&nbsp;<\/strong><strong>\/ Name and surname<\/strong><\/td><td>&nbsp;<\/td><\/tr><tr><td><strong>Address&nbsp;<\/strong><\/td><td>&nbsp;<\/td><\/tr><tr><td><strong>Order number<\/strong><\/td><td>&nbsp;<\/td><\/tr><tr><td><strong>Amount<\/strong><\/td><td>&nbsp;<\/td><\/tr><tr><td><strong>Date of return<\/strong><\/td><td>&nbsp;<\/td><\/tr><\/tbody><\/table><\/figure>\n\n\n\n<p>***************************<\/p>\n\n\n\n<figure class=\"wp-block-table\"><table><tbody><tr><td><strong>ARTICLE NUMBER<\/strong><\/td><td><strong>ARTICLE TITLE<\/strong><\/td><td><strong>QUANTITY<\/strong><\/td><td><strong>NO OF DELIVERY NOTE\/INVOICE<\/strong><\/td><td><strong>REFUND REASON<\/strong><\/td><\/tr><tr><td>&nbsp;<\/td><td>&nbsp;<\/td><td>&nbsp;<\/td><td>&nbsp;<\/td><td>&nbsp;<\/td><\/tr><tr><td>&nbsp;<\/td><td>&nbsp;<\/td><td>&nbsp;<\/td><td>&nbsp;<\/td><td>&nbsp;<\/td><\/tr><tr><td>&nbsp;<\/td><td>&nbsp;<\/td><td>&nbsp;<\/td><td>&nbsp;<\/td><td>&nbsp;<\/td><\/tr><tr><td>&nbsp;<\/td><td>&nbsp;<\/td><td>&nbsp;<\/td><td>&nbsp;<\/td><td>&nbsp;<\/td><\/tr><tr><td>&nbsp;<\/td><td>&nbsp;<\/td><td>&nbsp;<\/td><td>&nbsp;<\/td><td>&nbsp;<\/td><\/tr><tr><td>&nbsp;<\/td><td>&nbsp;<\/td><td>&nbsp;<\/td><td>&nbsp;<\/td><td>&nbsp;<\/td><\/tr><tr><td>&nbsp;<\/td><td>&nbsp;<\/td><td>&nbsp;<\/td><td>&nbsp;<\/td><td>&nbsp;<\/td><\/tr><tr><td>&nbsp;<\/td><td>&nbsp;<\/td><td>&nbsp;<\/td><td>&nbsp;<\/td><td>&nbsp;<\/td><\/tr><tr><td>&nbsp;<\/td><td>&nbsp;<\/td><td>&nbsp;<\/td><td>&nbsp;<\/td><td>&nbsp;<\/td><\/tr><tr><td>&nbsp;<\/td><td>&nbsp;<\/td><td>&nbsp;<\/td><td>&nbsp;<\/td><td>&nbsp;<\/td><\/tr><tr><td>&nbsp;<\/td><td>&nbsp;<\/td><td>&nbsp;<\/td><td>&nbsp;<\/td><td>&nbsp;<\/td><\/tr><tr><td>&nbsp;<\/td><td>&nbsp;<\/td><td>&nbsp;<\/td><td>&nbsp;<\/td><td>&nbsp;<\/td><\/tr><tr><td>&nbsp;<\/td><td>&nbsp;<\/td><td>&nbsp;<\/td><td>&nbsp;<\/td><td>&nbsp;<\/td><\/tr><tr><td>&nbsp;<\/td><td>&nbsp;<\/td><td>&nbsp;<\/td><td>&nbsp;<\/td><td>&nbsp;<\/td><\/tr><\/tbody><\/table><\/figure>","protected":false},"excerpt":{"rendered":"<p>Postopek vra\u010dila blaga: Pred vra\u010dilom blaga, nas prosim obvestite na &nbsp;info@termontmetal.si, kamor tudi posredujete izpolnjen seznam izdelkov za vra\u010dilo. Obve\u0161\u010damo vas, da morajo biti vsi neprodani artikli tak\u0161ni, kakr\u0161ne ste prejeli-brez dodatnih nalepk, sledi lepila nalepk in v originalni nepo\u0161kodovani embala\u017ei. V primeru vra\u010dila zaradi reklamacije, prosim dopi\u0161ite razlog vra\u010dila. Paket po\u0161ljite na naslov: TERMONT [&hellip;]<\/p>","protected":false},"author":1,"featured_media":0,"parent":0,"menu_order":0,"comment_status":"closed","ping_status":"closed","template":"","meta":[],"aioseo_notices":[],"_links":{"self":[{"href":"https:\/\/naroci.termontmetal.si\/en\/wp-json\/wp\/v2\/pages\/1554"}],"collection":[{"href":"https:\/\/naroci.termontmetal.si\/en\/wp-json\/wp\/v2\/pages"}],"about":[{"href":"https:\/\/naroci.termontmetal.si\/en\/wp-json\/wp\/v2\/types\/page"}],"author":[{"embeddable":true,"href":"https:\/\/naroci.termontmetal.si\/en\/wp-json\/wp\/v2\/users\/1"}],"replies":[{"embeddable":true,"href":"https:\/\/naroci.termontmetal.si\/en\/wp-json\/wp\/v2\/comments?post=1554"}],"version-history":[{"count":3,"href":"https:\/\/naroci.termontmetal.si\/en\/wp-json\/wp\/v2\/pages\/1554\/revisions"}],"predecessor-version":[{"id":3990,"href":"https:\/\/naroci.termontmetal.si\/en\/wp-json\/wp\/v2\/pages\/1554\/revisions\/3990"}],"wp:attachment":[{"href":"https:\/\/naroci.termontmetal.si\/en\/wp-json\/wp\/v2\/media?parent=1554"}],"curies":[{"name":"wp","href":"https:\/\/api.w.org\/{rel}","templated":true}]}}