{"id":1544,"date":"2022-09-08T08:23:41","date_gmt":"2022-09-08T08:23:41","guid":{"rendered":"https:\/\/naroci.termontmetal.si\/?page_id=1544"},"modified":"2022-09-08T08:30:45","modified_gmt":"2022-09-08T08:30:45","slug":"politika-piskotkov","status":"publish","type":"page","link":"https:\/\/naroci.termontmetal.si\/en\/politika-piskotkov\/","title":{"rendered":"Cookie Policy"},"content":{"rendered":"<p><strong>SHOWCARDS<\/strong><\/p>\n\n\n\n<p>This website uses cookies. By accessing https:\/\/naroci.termontmetal.si\/ you have agreed to the use of cookies in agreement with the company<br>TERMONT METAL, Production and Services d.o.o., Savinjska cesta 87A, 3310 \u017dalec and the privacy policy of the website. Most interactive websites use cookies to obtain user details for each visit. We use cookies on our website to enable the functionality of certain areas and to make it easier to use for visitors who visit our website. Some of our affiliate \/ advertising partners may also use third party cookies.<\/p>\n\n\n\n<p>The https:\/\/naroci.termontmetal.si\/ website uses the following cookies:<\/p>\n\n\n\n<p>Mandatory cookies<\/p>\n\n\n\n<figure class=\"wp-block-table\"><table><tbody><tr><td>Name<\/td><td>Duration<\/td><td>The purpose of<\/td><\/tr><tr><td>__cfduid<\/td><td>4 weeks<\/td><td>The cookie is set by CloudFlare. The cookie is used to identify individual users using the same IP address and to apply security settings to each client. It does not match user IDs in the web application and does not store any personal data.<\/td><\/tr><\/tbody><\/table><\/figure>\n\n\n\n<p>Optional cookies (advertising)<\/p>\n\n\n\n<figure class=\"wp-block-table\"><table><tbody><tr><td>Name<\/td><td>Duration<\/td><td>The purpose of<\/td><\/tr><tr><td>NID<\/td><td>6 months<\/td><td>This cookie is used for a profile based on the user's interests and to show personalised ads to users<\/td><\/tr><\/tbody><\/table><\/figure>\n\n\n\n<p><\/p>","protected":false},"excerpt":{"rendered":"<p>PI\u0160KOTKI Spletno mesto uporablja pi\u0161kotke. Z dostopom do https:\/\/naroci.termontmetal.si\/ ste se dogovorili za uporabo pi\u0161kotkov v dogovoru s podjetjemTERMONT METAL, Proizvodnja in storitve d.o.o., Savinjska cesta 87A, 3310 \u017dalec in politiko zasebnosti na spletnem mestu. Ve\u010dina interaktivnih spletnih strani uporablja pi\u0161kotke, s katerimi lahko pridobimo podrobnosti uporabnika za vsak obisk. Pi\u0161kotke uporabljamo na na\u0161em spletnem [&hellip;]<\/p>","protected":false},"author":1,"featured_media":0,"parent":0,"menu_order":0,"comment_status":"closed","ping_status":"closed","template":"","meta":[],"aioseo_notices":[],"_links":{"self":[{"href":"https:\/\/naroci.termontmetal.si\/en\/wp-json\/wp\/v2\/pages\/1544"}],"collection":[{"href":"https:\/\/naroci.termontmetal.si\/en\/wp-json\/wp\/v2\/pages"}],"about":[{"href":"https:\/\/naroci.termontmetal.si\/en\/wp-json\/wp\/v2\/types\/page"}],"author":[{"embeddable":true,"href":"https:\/\/naroci.termontmetal.si\/en\/wp-json\/wp\/v2\/users\/1"}],"replies":[{"embeddable":true,"href":"https:\/\/naroci.termontmetal.si\/en\/wp-json\/wp\/v2\/comments?post=1544"}],"version-history":[{"count":3,"href":"https:\/\/naroci.termontmetal.si\/en\/wp-json\/wp\/v2\/pages\/1544\/revisions"}],"predecessor-version":[{"id":1559,"href":"https:\/\/naroci.termontmetal.si\/en\/wp-json\/wp\/v2\/pages\/1544\/revisions\/1559"}],"wp:attachment":[{"href":"https:\/\/naroci.termontmetal.si\/en\/wp-json\/wp\/v2\/media?parent=1544"}],"curies":[{"name":"wp","href":"https:\/\/api.w.org\/{rel}","templated":true}]}}